{"id":10,"date":"2026-02-18T12:27:28","date_gmt":"2026-02-18T11:27:28","guid":{"rendered":"http:\/\/192.168.30.150\/wordpress\/index.php\/recept-kereses\/"},"modified":"2026-03-05T10:52:17","modified_gmt":"2026-03-05T09:52:17","slug":"szolgaltatasaink","status":"publish","type":"page","link":"https:\/\/www.oroscom.hu\/index.php\/szolgaltatasaink\/","title":{"rendered":"Szolg\u00e1ltat\u00e1sok"},"content":{"rendered":"\n<div class=\"wp-block-group is-layout-constrained wp-block-group-is-layout-constrained\">\n<div class=\"wp-block-columns is-layout-flex wp-container-core-columns-is-layout-28f84493 wp-block-columns-is-layout-flex\"><\/div>\n\n\n\n<div class=\"wp-block-columns is-layout-flex wp-container-core-columns-is-layout-3e414ca2 wp-block-columns-is-layout-flex\" style=\"margin-top:var(--wp--preset--spacing--20);margin-bottom:var(--wp--preset--spacing--20);padding-top:var(--wp--preset--spacing--20);padding-right:var(--wp--preset--spacing--30);padding-bottom:var(--wp--preset--spacing--20);padding-left:var(--wp--preset--spacing--30)\">\n<div class=\"wp-block-column is-content-justification-center is-layout-constrained wp-container-core-column-is-layout-ffce93fd wp-block-column-is-layout-constrained\" style=\"flex-basis:33.34%\">\n<figure class=\"wp-block-image size-full\"><a href=\"http:\/\/www.oroscom.hu\/index.php\/internet\" target=\"_blank\" rel=\" noreferrer noopener\"><img loading=\"lazy\" decoding=\"async\" width=\"650\" height=\"410\" src=\"http:\/\/www2.oroscom.hu\/wp-content\/uploads\/2026\/02\/internet_650_410.png\" alt=\"\" class=\"wp-image-220\" srcset=\"https:\/\/www.oroscom.hu\/wp-content\/uploads\/2026\/02\/internet_650_410.png 650w, https:\/\/www.oroscom.hu\/wp-content\/uploads\/2026\/02\/internet_650_410-300x189.png 300w\" sizes=\"auto, (max-width: 650px) 100vw, 650px\" \/><\/a><figcaption class=\"wp-element-caption\"><strong>Internet szolg\u00e1ltat\u00e1sunk egyre t\u00f6bb helyen el\u00e9rhet\u0151 optikai \u00e9s KTV k\u00e1belen.<\/strong><\/figcaption><\/figure>\n<\/div>\n\n\n\n<div class=\"wp-block-column is-layout-flow wp-block-column-is-layout-flow\" style=\"flex-basis:33.34%\">\n<figure class=\"wp-block-image size-full\"><a href=\"http:\/\/www.oroscom.hu\/index.php\/kabelteve\" target=\"_blank\" rel=\" noreferrer noopener\"><img loading=\"lazy\" decoding=\"async\" width=\"650\" height=\"410\" src=\"http:\/\/www2.oroscom.hu\/wp-content\/uploads\/2026\/02\/kabeltv_650_410.png\" alt=\"\" class=\"wp-image-221\" srcset=\"https:\/\/www.oroscom.hu\/wp-content\/uploads\/2026\/02\/kabeltv_650_410.png 650w, https:\/\/www.oroscom.hu\/wp-content\/uploads\/2026\/02\/kabeltv_650_410-300x189.png 300w\" sizes=\"auto, (max-width: 650px) 100vw, 650px\" \/><\/a><figcaption class=\"wp-element-caption\"><strong>T\u00f6bb mint 50 kiv\u00e1l\u00f3 TV csatorna! V\u00e1lasszon  csomagot.<\/strong><\/figcaption><\/figure>\n<\/div>\n\n\n\n<div class=\"wp-block-column is-layout-flow wp-block-column-is-layout-flow\" style=\"flex-basis:33.33%\">\n<figure class=\"wp-block-image size-full\"><a href=\"http:\/\/www.oroscom.hu\/index.php\/telefon\" target=\"_blank\" rel=\" noreferrer noopener\"><img loading=\"lazy\" decoding=\"async\" width=\"660\" height=\"410\" src=\"http:\/\/www2.oroscom.hu\/wp-content\/uploads\/2026\/02\/telefon_650_410.png\" alt=\"\" class=\"wp-image-222\" srcset=\"https:\/\/www.oroscom.hu\/wp-content\/uploads\/2026\/02\/telefon_650_410.png 660w, https:\/\/www.oroscom.hu\/wp-content\/uploads\/2026\/02\/telefon_650_410-300x186.png 300w\" sizes=\"auto, (max-width: 660px) 100vw, 660px\" \/><\/a><figcaption class=\"wp-element-caption\"><strong>H\u00e1l\u00f3zaton bel\u00fcl D\u00edjmentes ip alap\u00fa k\u00e1beltelefon, kedvez\u0151 d\u00edjak m\u00e1sodperc alapon.<\/strong><\/figcaption><\/figure>\n<\/div>\n<\/div>\n<\/div>\n","protected":false},"excerpt":{"rendered":"","protected":false},"author":1,"featured_media":216,"parent":0,"menu_order":0,"comment_status":"closed","ping_status":"closed","template":"","meta":{"footnotes":""},"class_list":["post-10","page","type-page","status-publish","has-post-thumbnail","hentry"],"_links":{"self":[{"href":"https:\/\/www.oroscom.hu\/index.php\/wp-json\/wp\/v2\/pages\/10","targetHints":{"allow":["GET"]}}],"collection":[{"href":"https:\/\/www.oroscom.hu\/index.php\/wp-json\/wp\/v2\/pages"}],"about":[{"href":"https:\/\/www.oroscom.hu\/index.php\/wp-json\/wp\/v2\/types\/page"}],"author":[{"embeddable":true,"href":"https:\/\/www.oroscom.hu\/index.php\/wp-json\/wp\/v2\/users\/1"}],"replies":[{"embeddable":true,"href":"https:\/\/www.oroscom.hu\/index.php\/wp-json\/wp\/v2\/comments?post=10"}],"version-history":[{"count":31,"href":"https:\/\/www.oroscom.hu\/index.php\/wp-json\/wp\/v2\/pages\/10\/revisions"}],"predecessor-version":[{"id":516,"href":"https:\/\/www.oroscom.hu\/index.php\/wp-json\/wp\/v2\/pages\/10\/revisions\/516"}],"wp:featuredmedia":[{"embeddable":true,"href":"https:\/\/www.oroscom.hu\/index.php\/wp-json\/wp\/v2\/media\/216"}],"wp:attachment":[{"href":"https:\/\/www.oroscom.hu\/index.php\/wp-json\/wp\/v2\/media?parent=10"}],"curies":[{"name":"wp","href":"https:\/\/api.w.org\/{rel}","templated":true}]}}