{"id":15,"date":"2026-02-18T12:27:29","date_gmt":"2026-02-18T11:27:29","guid":{"rendered":"http:\/\/192.168.30.150\/wordpress\/index.php\/recept-fozesi-eljaras\/"},"modified":"2026-03-05T09:05:41","modified_gmt":"2026-03-05T08:05:41","slug":"fejleszteseink","status":"publish","type":"page","link":"https:\/\/www.oroscom.hu\/index.php\/fejleszteseink\/","title":{"rendered":"Fejleszt\u00e9seink"},"content":{"rendered":"\n<div class=\"wp-block-group is-layout-grid wp-container-core-group-is-layout-0e659509 wp-block-group-is-layout-grid wp-container-1 is-position-sticky\" style=\"padding-top:var(--wp--preset--spacing--20);padding-right:var(--wp--preset--spacing--20);padding-bottom:var(--wp--preset--spacing--20);padding-left:var(--wp--preset--spacing--20)\">\n<figure class=\"wp-block-image size-full\" style=\"margin-top:var(--wp--preset--spacing--20);margin-right:var(--wp--preset--spacing--20);margin-bottom:var(--wp--preset--spacing--20);margin-left:var(--wp--preset--spacing--20)\"><img loading=\"lazy\" decoding=\"async\" width=\"600\" height=\"325\" src=\"http:\/\/192.168.30.150\/wordpress\/wp-content\/uploads\/2026\/02\/gyopi-mkhz.jpg\" alt=\"\" class=\"wp-image-244\" srcset=\"https:\/\/www.oroscom.hu\/wp-content\/uploads\/2026\/02\/gyopi-mkhz.jpg 600w, https:\/\/www.oroscom.hu\/wp-content\/uploads\/2026\/02\/gyopi-mkhz-300x163.jpg 300w\" sizes=\"auto, (max-width: 600px) 100vw, 600px\" \/><\/figure>\n\n\n\n<figure class=\"wp-block-image size-full\" style=\"margin-top:var(--wp--preset--spacing--20);margin-right:var(--wp--preset--spacing--20);margin-bottom:var(--wp--preset--spacing--20);margin-left:var(--wp--preset--spacing--20)\"><img loading=\"lazy\" decoding=\"async\" width=\"600\" height=\"334\" src=\"http:\/\/192.168.30.150\/wordpress\/wp-content\/uploads\/2026\/02\/gyopi-mkhz1.jpg\" alt=\"\" class=\"wp-image-245\" srcset=\"https:\/\/www.oroscom.hu\/wp-content\/uploads\/2026\/02\/gyopi-mkhz1.jpg 600w, https:\/\/www.oroscom.hu\/wp-content\/uploads\/2026\/02\/gyopi-mkhz1-300x167.jpg 300w\" sizes=\"auto, (max-width: 600px) 100vw, 600px\" \/><\/figure>\n\n\n\n<figure class=\"wp-block-image size-full\" style=\"margin-top:var(--wp--preset--spacing--20);margin-right:var(--wp--preset--spacing--20);margin-bottom:var(--wp--preset--spacing--20);margin-left:var(--wp--preset--spacing--20)\"><img loading=\"lazy\" decoding=\"async\" width=\"600\" height=\"383\" src=\"http:\/\/192.168.30.150\/wordpress\/wp-content\/uploads\/2026\/02\/maximo-gyulai.jpg\" alt=\"\" class=\"wp-image-246\" srcset=\"https:\/\/www.oroscom.hu\/wp-content\/uploads\/2026\/02\/maximo-gyulai.jpg 600w, https:\/\/www.oroscom.hu\/wp-content\/uploads\/2026\/02\/maximo-gyulai-300x192.jpg 300w\" sizes=\"auto, (max-width: 600px) 100vw, 600px\" \/><\/figure>\n<\/div>\n\n\n\n<div style=\"height:10px\" aria-hidden=\"true\" class=\"wp-block-spacer\"><\/div>\n\n\n\n<div class=\"wp-block-group is-layout-grid wp-container-core-group-is-layout-988b637e wp-block-group-is-layout-grid\">\n<h4 class=\"wp-block-heading has-text-align-left has-small-font-size\">Szupergyors internet a mez\u0151kov\u00e1csh\u00e1zai j\u00e1r\u00e1sban<\/h4>\n\n\n\n<h5 class=\"wp-block-heading has-small-font-size wp-container-content-2155ee95\" style=\"border-style:none;border-width:0px\">Mez\u0151kov\u00e1csh\u00e1zi j\u00e1r\u00e1s &#8211; GINOP-3.4.1-15-2018-00290<\/h5>\n\n\n\n<h2 class=\"wp-block-heading has-small-font-size\">Maximonet, gyulai j\u00e1r\u00e1s<\/h2>\n<\/div>\n\n\n\n<div style=\"height:10px\" aria-hidden=\"true\" class=\"wp-block-spacer\"><\/div>\n\n\n\n<div class=\"wp-block-group is-layout-grid wp-container-core-group-is-layout-988b637e wp-block-group-is-layout-grid\">\n<div class=\"wp-block-buttons is-content-justification-center is-layout-flex wp-container-core-buttons-is-layout-a89b3969 wp-block-buttons-is-layout-flex\">\n<div class=\"wp-block-button\"><a class=\"wp-block-button__link has-extra-primary-background-color has-background wp-element-button\" href=\"http:\/\/www.oroscom.hu\/index.php\/fejleszteseink_1\/\">B\u0151vebben<\/a><\/div>\n<\/div>\n\n\n\n<div class=\"wp-block-buttons is-content-justification-center is-layout-flex wp-container-core-buttons-is-layout-a89b3969 wp-block-buttons-is-layout-flex\">\n<div class=\"wp-block-button\"><a class=\"wp-block-button__link has-extra-primary-background-color has-background wp-element-button\" href=\"http:\/\/www.oroscom.hu\/index.php\/fejleszteseink_2\/\">B\u0151vebben<\/a><\/div>\n<\/div>\n\n\n\n<div class=\"wp-block-buttons is-content-justification-center is-layout-flex wp-container-core-buttons-is-layout-a89b3969 wp-block-buttons-is-layout-flex\">\n<div class=\"wp-block-button\"><a class=\"wp-block-button__link has-extra-primary-background-color has-background wp-element-button\" href=\"http:\/\/www.oroscom.hu\/index.php\/fejleszteseink_3\/\">B\u0151vebben<\/a><\/div>\n<\/div>\n<\/div>\n\n\n\n<div style=\"height:32px\" aria-hidden=\"true\" class=\"wp-block-spacer\"><\/div>\n\n\n\n<div class=\"wp-block-group is-layout-grid wp-container-core-group-is-layout-0e659509 wp-block-group-is-layout-grid wp-container-2 is-position-sticky\" style=\"padding-top:var(--wp--preset--spacing--20);padding-right:var(--wp--preset--spacing--20);padding-bottom:var(--wp--preset--spacing--20);padding-left:var(--wp--preset--spacing--20)\">\n<figure class=\"wp-block-image size-full\" style=\"margin-top:var(--wp--preset--spacing--20);margin-right:var(--wp--preset--spacing--20);margin-bottom:var(--wp--preset--spacing--20);margin-left:var(--wp--preset--spacing--20)\"><img loading=\"lazy\" decoding=\"async\" width=\"600\" height=\"301\" src=\"http:\/\/192.168.30.150\/wordpress\/wp-content\/uploads\/2026\/02\/4.jpg\" alt=\"\" class=\"wp-image-260\" srcset=\"https:\/\/www.oroscom.hu\/wp-content\/uploads\/2026\/02\/4.jpg 600w, https:\/\/www.oroscom.hu\/wp-content\/uploads\/2026\/02\/4-300x151.jpg 300w\" sizes=\"auto, (max-width: 600px) 100vw, 600px\" \/><\/figure>\n\n\n\n<figure class=\"wp-block-image size-full\" style=\"margin-top:var(--wp--preset--spacing--20);margin-right:var(--wp--preset--spacing--20);margin-bottom:var(--wp--preset--spacing--20);margin-left:var(--wp--preset--spacing--20)\"><img loading=\"lazy\" decoding=\"async\" width=\"600\" height=\"430\" src=\"http:\/\/192.168.30.150\/wordpress\/wp-content\/uploads\/2026\/02\/5.jpg\" alt=\"\" class=\"wp-image-259\" srcset=\"https:\/\/www.oroscom.hu\/wp-content\/uploads\/2026\/02\/5.jpg 600w, https:\/\/www.oroscom.hu\/wp-content\/uploads\/2026\/02\/5-300x215.jpg 300w\" sizes=\"auto, (max-width: 600px) 100vw, 600px\" \/><\/figure>\n\n\n\n<figure class=\"wp-block-image size-full\" style=\"margin-top:var(--wp--preset--spacing--20);margin-right:var(--wp--preset--spacing--20);margin-bottom:var(--wp--preset--spacing--20);margin-left:var(--wp--preset--spacing--20)\"><img loading=\"lazy\" decoding=\"async\" width=\"600\" height=\"422\" src=\"http:\/\/192.168.30.150\/wordpress\/wp-content\/uploads\/2026\/02\/6.jpg\" alt=\"\" class=\"wp-image-258\" srcset=\"https:\/\/www.oroscom.hu\/wp-content\/uploads\/2026\/02\/6.jpg 600w, https:\/\/www.oroscom.hu\/wp-content\/uploads\/2026\/02\/6-300x211.jpg 300w\" sizes=\"auto, (max-width: 600px) 100vw, 600px\" \/><\/figure>\n<\/div>\n\n\n\n<div style=\"height:10px\" aria-hidden=\"true\" class=\"wp-block-spacer\"><\/div>\n\n\n\n<div class=\"wp-block-group is-layout-grid wp-container-core-group-is-layout-988b637e wp-block-group-is-layout-grid\">\n<h4 class=\"wp-block-heading has-text-align-left has-small-font-size\">Sz\u00e9less\u00e1v\u00fa internet fejleszt\u00e9s a gyulai j\u00e1r\u00e1sban<\/h4>\n\n\n\n<h5 class=\"wp-block-heading has-small-font-size wp-container-content-2155ee95\" style=\"border-style:none;border-width:0px\">Sz\u00e9less\u00e1v\u00fa internet fejleszt\u00e9s a sarkadi j\u00e1r\u00e1sban<\/h5>\n\n\n\n<h2 class=\"wp-block-heading has-small-font-size\">Mez\u0151kov\u00e1csh\u00e1za GINOP PLUSZ<\/h2>\n<\/div>\n\n\n\n<div style=\"height:10px\" aria-hidden=\"true\" class=\"wp-block-spacer\"><\/div>\n\n\n\n<div class=\"wp-block-group is-layout-grid wp-container-core-group-is-layout-988b637e wp-block-group-is-layout-grid\">\n<div class=\"wp-block-buttons is-content-justification-center is-layout-flex wp-container-core-buttons-is-layout-a89b3969 wp-block-buttons-is-layout-flex\">\n<div class=\"wp-block-button\"><a class=\"wp-block-button__link has-extra-primary-background-color has-background wp-element-button\" href=\"http:\/\/www.oroscom.hu\/index.php\/fejleszteseink_4\/\">B\u0151vebben<\/a><\/div>\n<\/div>\n\n\n\n<div class=\"wp-block-buttons is-content-justification-center is-layout-flex wp-container-core-buttons-is-layout-a89b3969 wp-block-buttons-is-layout-flex\">\n<div class=\"wp-block-button\"><a class=\"wp-block-button__link has-extra-primary-background-color has-background wp-element-button\" href=\"http:\/\/www.oroscom.hu\/index.php\/fejleszteseink_5\/\">B\u0151vebben<\/a><\/div>\n<\/div>\n\n\n\n<div class=\"wp-block-buttons is-content-justification-center is-layout-flex wp-container-core-buttons-is-layout-a89b3969 wp-block-buttons-is-layout-flex\">\n<div class=\"wp-block-button\"><a class=\"wp-block-button__link has-extra-primary-background-color has-background wp-element-button\" href=\"http:\/\/www.oroscom.hu\/index.php\/fejleszteseink_6\/\">B\u0151vebben<\/a><\/div>\n<\/div>\n<\/div>\n\n\n\n<div style=\"height:32px\" aria-hidden=\"true\" class=\"wp-block-spacer\"><\/div>\n\n\n\n<div class=\"wp-block-group is-layout-grid wp-container-core-group-is-layout-0e659509 wp-block-group-is-layout-grid wp-container-3 is-position-sticky\" style=\"padding-top:var(--wp--preset--spacing--20);padding-right:var(--wp--preset--spacing--20);padding-bottom:var(--wp--preset--spacing--20);padding-left:var(--wp--preset--spacing--20)\">\n<figure class=\"wp-block-image size-full\" style=\"margin-top:var(--wp--preset--spacing--20);margin-right:var(--wp--preset--spacing--20);margin-bottom:var(--wp--preset--spacing--20);margin-left:var(--wp--preset--spacing--20)\"><img loading=\"lazy\" decoding=\"async\" width=\"600\" height=\"383\" src=\"http:\/\/192.168.30.150\/wordpress\/wp-content\/uploads\/2026\/02\/7.jpeg\" alt=\"\" class=\"wp-image-257\" srcset=\"https:\/\/www.oroscom.hu\/wp-content\/uploads\/2026\/02\/7.jpeg 600w, https:\/\/www.oroscom.hu\/wp-content\/uploads\/2026\/02\/7-300x192.jpeg 300w\" sizes=\"auto, (max-width: 600px) 100vw, 600px\" \/><\/figure>\n\n\n\n<figure class=\"wp-block-image size-full\" style=\"margin-top:var(--wp--preset--spacing--20);margin-right:var(--wp--preset--spacing--20);margin-bottom:var(--wp--preset--spacing--20);margin-left:var(--wp--preset--spacing--20)\"><img loading=\"lazy\" decoding=\"async\" width=\"600\" height=\"349\" src=\"http:\/\/192.168.30.150\/wordpress\/wp-content\/uploads\/2026\/02\/8.jpg\" alt=\"\" class=\"wp-image-256\" srcset=\"https:\/\/www.oroscom.hu\/wp-content\/uploads\/2026\/02\/8.jpg 600w, https:\/\/www.oroscom.hu\/wp-content\/uploads\/2026\/02\/8-300x175.jpg 300w\" sizes=\"auto, (max-width: 600px) 100vw, 600px\" \/><\/figure>\n\n\n\n<figure class=\"wp-block-image size-full\" style=\"margin-top:var(--wp--preset--spacing--20);margin-right:var(--wp--preset--spacing--20);margin-bottom:var(--wp--preset--spacing--20);margin-left:var(--wp--preset--spacing--20)\"><img loading=\"lazy\" decoding=\"async\" width=\"600\" height=\"282\" src=\"http:\/\/192.168.30.150\/wordpress\/wp-content\/uploads\/2026\/02\/9.jpg\" alt=\"\" class=\"wp-image-255\" srcset=\"https:\/\/www.oroscom.hu\/wp-content\/uploads\/2026\/02\/9.jpg 600w, https:\/\/www.oroscom.hu\/wp-content\/uploads\/2026\/02\/9-300x141.jpg 300w\" sizes=\"auto, (max-width: 600px) 100vw, 600px\" \/><\/figure>\n<\/div>\n\n\n\n<div class=\"wp-block-group is-layout-grid wp-container-core-group-is-layout-988b637e wp-block-group-is-layout-grid\">\n<h4 class=\"wp-block-heading has-text-align-left has-small-font-size\">Gyomaendr\u0151di j\u00e1r\u00e1s sz\u00e9less\u00e1v\u00fa fejleszt\u00e9sei<br><\/h4>\n\n\n\n<h5 class=\"wp-block-heading has-small-font-size wp-container-content-2155ee95\" style=\"border-style:none;border-width:0px\">H\u00f3dmez\u0151v\u00e1s\u00e1rhelyi j\u00e1r\u00e1s Szupergyors Internet<\/h5>\n\n\n\n<h2 class=\"wp-block-heading has-small-font-size\">Sz\u00e9less\u00e1v\u00fa internet fejleszt\u00e9s a mak\u00f3i j\u00e1r\u00e1sban<\/h2>\n<\/div>\n\n\n\n<div style=\"height:10px\" aria-hidden=\"true\" class=\"wp-block-spacer\"><\/div>\n\n\n\n<div class=\"wp-block-group is-layout-grid wp-container-core-group-is-layout-988b637e wp-block-group-is-layout-grid\">\n<div class=\"wp-block-buttons is-content-justification-center is-layout-flex wp-container-core-buttons-is-layout-a89b3969 wp-block-buttons-is-layout-flex\">\n<div class=\"wp-block-button\"><a class=\"wp-block-button__link has-extra-primary-background-color has-background wp-element-button\" href=\"http:\/\/www.oroscom.hu\/index.php\/fejleszteseink_7\/\">B\u0151vebben<\/a><\/div>\n<\/div>\n\n\n\n<div class=\"wp-block-buttons is-content-justification-center is-layout-flex wp-container-core-buttons-is-layout-a89b3969 wp-block-buttons-is-layout-flex\">\n<div class=\"wp-block-button\"><a class=\"wp-block-button__link has-extra-primary-background-color has-background wp-element-button\" href=\"http:\/\/www.oroscom.hu\/index.php\/fejleszteseink_8\/\">B\u0151vebben<\/a><\/div>\n<\/div>\n\n\n\n<div class=\"wp-block-buttons is-content-justification-center is-layout-flex wp-container-core-buttons-is-layout-a89b3969 wp-block-buttons-is-layout-flex\">\n<div class=\"wp-block-button\"><a class=\"wp-block-button__link has-extra-primary-background-color has-background wp-element-button\" href=\"http:\/\/www.oroscom.hu\/index.php\/fejleszteseink_9\/\">B\u0151vebben<\/a><\/div>\n<\/div>\n<\/div>\n\n\n\n<div style=\"height:32px\" aria-hidden=\"true\" class=\"wp-block-spacer\"><\/div>\n\n\n\n<div class=\"wp-block-group is-layout-grid wp-container-core-group-is-layout-0e659509 wp-block-group-is-layout-grid wp-container-4 is-position-sticky\" style=\"padding-top:var(--wp--preset--spacing--20);padding-right:var(--wp--preset--spacing--20);padding-bottom:var(--wp--preset--spacing--20);padding-left:var(--wp--preset--spacing--20)\">\n<figure class=\"wp-block-image size-full\" style=\"margin-top:var(--wp--preset--spacing--20);margin-right:var(--wp--preset--spacing--20);margin-bottom:var(--wp--preset--spacing--20);margin-left:var(--wp--preset--spacing--20)\"><img loading=\"lazy\" decoding=\"async\" width=\"500\" height=\"252\" src=\"http:\/\/192.168.30.150\/wordpress\/wp-content\/uploads\/2026\/02\/10.jpg\" alt=\"\" class=\"wp-image-254\" srcset=\"https:\/\/www.oroscom.hu\/wp-content\/uploads\/2026\/02\/10.jpg 500w, https:\/\/www.oroscom.hu\/wp-content\/uploads\/2026\/02\/10-300x151.jpg 300w\" sizes=\"auto, (max-width: 500px) 100vw, 500px\" \/><\/figure>\n\n\n\n<figure class=\"wp-block-image size-full\" style=\"margin-top:var(--wp--preset--spacing--20);margin-right:var(--wp--preset--spacing--20);margin-bottom:var(--wp--preset--spacing--20);margin-left:var(--wp--preset--spacing--20)\"><img loading=\"lazy\" decoding=\"async\" width=\"1280\" height=\"895\" src=\"http:\/\/192.168.30.150\/wordpress\/wp-content\/uploads\/2026\/02\/11.jpg\" alt=\"\" class=\"wp-image-253\" srcset=\"https:\/\/www.oroscom.hu\/wp-content\/uploads\/2026\/02\/11.jpg 1280w, https:\/\/www.oroscom.hu\/wp-content\/uploads\/2026\/02\/11-300x210.jpg 300w, https:\/\/www.oroscom.hu\/wp-content\/uploads\/2026\/02\/11-1024x716.jpg 1024w, https:\/\/www.oroscom.hu\/wp-content\/uploads\/2026\/02\/11-768x537.jpg 768w\" sizes=\"auto, (max-width: 1280px) 100vw, 1280px\" \/><\/figure>\n\n\n\n<figure class=\"wp-block-image size-full\" style=\"margin-top:var(--wp--preset--spacing--20);margin-right:var(--wp--preset--spacing--20);margin-bottom:var(--wp--preset--spacing--20);margin-left:var(--wp--preset--spacing--20)\"><img loading=\"lazy\" decoding=\"async\" width=\"1195\" height=\"766\" src=\"http:\/\/192.168.30.150\/wordpress\/wp-content\/uploads\/2026\/02\/12.jpg\" alt=\"\" class=\"wp-image-252\" srcset=\"https:\/\/www.oroscom.hu\/wp-content\/uploads\/2026\/02\/12.jpg 1195w, https:\/\/www.oroscom.hu\/wp-content\/uploads\/2026\/02\/12-300x192.jpg 300w, https:\/\/www.oroscom.hu\/wp-content\/uploads\/2026\/02\/12-1024x656.jpg 1024w, https:\/\/www.oroscom.hu\/wp-content\/uploads\/2026\/02\/12-768x492.jpg 768w\" sizes=\"auto, (max-width: 1195px) 100vw, 1195px\" \/><\/figure>\n<\/div>\n\n\n\n<div style=\"height:10px\" aria-hidden=\"true\" class=\"wp-block-spacer\"><\/div>\n\n\n\n<div class=\"wp-block-group is-layout-grid wp-container-core-group-is-layout-988b637e wp-block-group-is-layout-grid\">\n<h4 class=\"wp-block-heading has-text-align-left has-small-font-size\">K\u00fcl\u00f6nleges informatikai fejleszt\u00e9s a Viharsarokban<\/h4>\n\n\n\n<h5 class=\"wp-block-heading has-small-font-size wp-container-content-2155ee95\" style=\"border-style:none;border-width:0px\">Sz\u00e9less\u00e1v\u00fa internet fejleszt\u00e9s az orosh\u00e1zi j\u00e1r\u00e1sban<\/h5>\n\n\n\n<h2 class=\"wp-block-heading has-small-font-size\">\u00daj palackf\u00fav\u00f3 \u00fczemcsarnok \u00e9s eszk\u00f6zberuh\u00e1z\u00e1s Mez\u0151kov\u00e1csh\u00e1z\u00e1n<\/h2>\n<\/div>\n\n\n\n<div style=\"height:10px\" aria-hidden=\"true\" class=\"wp-block-spacer\"><\/div>\n\n\n\n<div class=\"wp-block-group is-layout-grid wp-container-core-group-is-layout-988b637e wp-block-group-is-layout-grid\">\n<div class=\"wp-block-buttons is-content-justification-center is-layout-flex wp-container-core-buttons-is-layout-a89b3969 wp-block-buttons-is-layout-flex\">\n<div class=\"wp-block-button\"><a class=\"wp-block-button__link has-extra-primary-background-color has-background wp-element-button\" href=\"http:\/\/www.oroscom.hu\/index.php\/fejleszteseink_10\/\">B\u0151vebben<\/a><\/div>\n<\/div>\n\n\n\n<div class=\"wp-block-buttons is-content-justification-center is-layout-flex wp-container-core-buttons-is-layout-a89b3969 wp-block-buttons-is-layout-flex\">\n<div class=\"wp-block-button\"><a class=\"wp-block-button__link has-extra-primary-background-color has-background wp-element-button\" href=\"http:\/\/www.oroscom.hu\/index.php\/fejleszteseink_11\/\">B\u0151vebben<\/a><\/div>\n<\/div>\n\n\n\n<div class=\"wp-block-buttons is-content-justification-center is-layout-flex wp-container-core-buttons-is-layout-a89b3969 wp-block-buttons-is-layout-flex\">\n<div class=\"wp-block-button\"><a class=\"wp-block-button__link has-extra-primary-background-color has-background wp-element-button\" href=\"http:\/\/www.oroscom.hu\/index.php\/fejleszteseink_12\/\">B\u0151vebben<\/a><\/div>\n<\/div>\n<\/div>\n\n\n\n<div style=\"height:32px\" aria-hidden=\"true\" class=\"wp-block-spacer\"><\/div>\n\n\n\n<div class=\"wp-block-group is-layout-grid wp-container-core-group-is-layout-0e659509 wp-block-group-is-layout-grid wp-container-5 is-position-sticky\" style=\"padding-top:var(--wp--preset--spacing--20);padding-right:var(--wp--preset--spacing--20);padding-bottom:var(--wp--preset--spacing--20);padding-left:var(--wp--preset--spacing--20)\">\n<figure class=\"wp-block-image size-full\" style=\"margin-top:var(--wp--preset--spacing--20);margin-right:var(--wp--preset--spacing--20);margin-bottom:var(--wp--preset--spacing--20);margin-left:var(--wp--preset--spacing--20)\"><img loading=\"lazy\" decoding=\"async\" width=\"600\" height=\"375\" src=\"http:\/\/192.168.30.150\/wordpress\/wp-content\/uploads\/2026\/02\/13.jpg\" alt=\"\" class=\"wp-image-251\" srcset=\"https:\/\/www.oroscom.hu\/wp-content\/uploads\/2026\/02\/13.jpg 600w, https:\/\/www.oroscom.hu\/wp-content\/uploads\/2026\/02\/13-300x188.jpg 300w\" sizes=\"auto, (max-width: 600px) 100vw, 600px\" \/><\/figure>\n<\/div>\n\n\n\n<div style=\"height:10px\" aria-hidden=\"true\" class=\"wp-block-spacer\"><\/div>\n\n\n\n<div class=\"wp-block-group is-layout-grid wp-container-core-group-is-layout-988b637e wp-block-group-is-layout-grid\">\n<h4 class=\"wp-block-heading has-text-align-left has-small-font-size\">Piactervez\u00e9sre \u00e9s tervellen\u0151rz\u00e9sre szolg\u00e1l\u00f3 d\u00f6nt\u00e9st\u00e1mogat\u00f3 rendszer protot\u00edpus\u00e1nak l\u00e9trehoz\u00e1sa<\/h4>\n<\/div>\n\n\n\n<div style=\"height:10px\" aria-hidden=\"true\" class=\"wp-block-spacer\"><\/div>\n\n\n\n<div class=\"wp-block-group is-layout-grid wp-container-core-group-is-layout-988b637e wp-block-group-is-layout-grid\">\n<div class=\"wp-block-buttons is-content-justification-center is-layout-flex wp-container-core-buttons-is-layout-a89b3969 wp-block-buttons-is-layout-flex\">\n<div class=\"wp-block-button\"><a class=\"wp-block-button__link has-extra-primary-background-color has-background wp-element-button\" href=\"http:\/\/www.oroscom.hu\/index.php\/fejleszteseink_13\/\">B\u0151vebben<\/a><\/div>\n<\/div>\n<\/div>\n","protected":false},"excerpt":{"rendered":"<p>Szupergyors internet a mez\u0151kov\u00e1csh\u00e1zai j\u00e1r\u00e1sban Mez\u0151kov\u00e1csh\u00e1zi j\u00e1r\u00e1s &#8211; GINOP-3.4.1-15-2018-00290 Maximonet, gyulai j\u00e1r\u00e1s Sz\u00e9less\u00e1v\u00fa internet fejleszt\u00e9s a gyulai j\u00e1r\u00e1sban Sz\u00e9less\u00e1v\u00fa internet fejleszt\u00e9s a sarkadi j\u00e1r\u00e1sban Mez\u0151kov\u00e1csh\u00e1za GINOP PLUSZ Gyomaendr\u0151di j\u00e1r\u00e1s sz\u00e9less\u00e1v\u00fa fejleszt\u00e9sei H\u00f3dmez\u0151v\u00e1s\u00e1rhelyi j\u00e1r\u00e1s Szupergyors Internet Sz\u00e9less\u00e1v\u00fa internet fejleszt\u00e9s a mak\u00f3i j\u00e1r\u00e1sban K\u00fcl\u00f6nleges informatikai fejleszt\u00e9s a Viharsarokban Sz\u00e9less\u00e1v\u00fa internet fejleszt\u00e9s az orosh\u00e1zi j\u00e1r\u00e1sban \u00daj palackf\u00fav\u00f3 \u00fczemcsarnok [&hellip;]<\/p>\n","protected":false},"author":1,"featured_media":0,"parent":0,"menu_order":0,"comment_status":"closed","ping_status":"closed","template":"","meta":{"footnotes":""},"class_list":["post-15","page","type-page","status-publish","hentry"],"_links":{"self":[{"href":"https:\/\/www.oroscom.hu\/index.php\/wp-json\/wp\/v2\/pages\/15","targetHints":{"allow":["GET"]}}],"collection":[{"href":"https:\/\/www.oroscom.hu\/index.php\/wp-json\/wp\/v2\/pages"}],"about":[{"href":"https:\/\/www.oroscom.hu\/index.php\/wp-json\/wp\/v2\/types\/page"}],"author":[{"embeddable":true,"href":"https:\/\/www.oroscom.hu\/index.php\/wp-json\/wp\/v2\/users\/1"}],"replies":[{"embeddable":true,"href":"https:\/\/www.oroscom.hu\/index.php\/wp-json\/wp\/v2\/comments?post=15"}],"version-history":[{"count":17,"href":"https:\/\/www.oroscom.hu\/index.php\/wp-json\/wp\/v2\/pages\/15\/revisions"}],"predecessor-version":[{"id":490,"href":"https:\/\/www.oroscom.hu\/index.php\/wp-json\/wp\/v2\/pages\/15\/revisions\/490"}],"wp:attachment":[{"href":"https:\/\/www.oroscom.hu\/index.php\/wp-json\/wp\/v2\/media?parent=15"}],"curies":[{"name":"wp","href":"https:\/\/api.w.org\/{rel}","templated":true}]}}