{"id":2,"date":"2026-02-18T11:27:59","date_gmt":"2026-02-18T10:27:59","guid":{"rendered":"http:\/\/192.168.30.150\/wordpress\/?page_id=2"},"modified":"2026-03-05T14:28:39","modified_gmt":"2026-03-05T13:28:39","slug":"cegunkrol","status":"publish","type":"page","link":"https:\/\/www.oroscom.hu\/index.php\/cegunkrol\/","title":{"rendered":"C\u00e9g\u00fcnkr\u0151l"},"content":{"rendered":"\n<p>A Gyop\u00e1rosi K\u00e1beltelev\u00edzi\u00f3 Kft \u00e9s az Oros-Com Kft. m\u00e1r t\u00f6bb mint 10 \u00e9ves m\u00faltra tekint vissza a k\u00e1beltelev\u00edzi\u00f3 \u00e9s az internet szolg\u00e1ltat\u00e1sok szolg\u00e1ltat\u00e1sok ter\u00e9n. Partnerc\u00e9gei a MaximoNet H\u00edrk\u00f6zl\u00e9s Kft, a S\u00e1rr\u00e9ti H\u00edrk\u00f6zl\u00e9si Kft, a KitNet Kft. \u00e9s az Impulzus Kommunik\u00e1ci\u00f3 Kft. seg\u00edts\u00e9g\u00e9vel a k\u00e1beltelev\u00edzi\u00f3 mellett a legkorszer\u0171bb infrastrukt\u00far\u00e1n biztos\u00edtja a sz\u00e9less\u00e1v\u00fa internet szolg\u00e1ltat\u00e1sok ny\u00fajt\u00e1s\u00e1t.<\/p>\n\n\n\n<hr class=\"wp-block-separator has-alpha-channel-opacity is-style-dots\" style=\"margin-top:var(--wp--preset--spacing--40);margin-bottom:var(--wp--preset--spacing--40)\"\/>\n\n\n\n<p>B\u00e9k\u00e9s \u00e9s Csongr\u00e1d megy\u00e9ben tal\u00e1lhat\u00f3 h\u00e1l\u00f3zatainkat 100 gigabites gerincvonal k\u00f6ti a magyar internet sz\u00edv\u00e9hez Budapesten. \u00d6sszess\u00e9g\u00e9ben k\u00f6zel k\u00e9tsz\u00e1z km hossz\u00fas\u00e1g\u00fa optikai gerinch\u00e1l\u00f3zatot \u00fczemeltet\u00fcnk, amelyen sz\u00e9less\u00e1v\u00fa internetet \u00e9s digit\u00e1lis k\u00e1beltelev\u00edzi\u00f3s jelet juttatunk el t\u00f6bb, mint harminc telep\u00fcl\u00e9sre.<\/p>\n\n\n\n<div style=\"margin-top:0;margin-bottom:0;height:46px\" aria-hidden=\"true\" class=\"wp-block-spacer\"><\/div>\n\n\n\n<p>Els\u0151sorban B\u00e9k\u00e9s \u00e9s Csongr\u00e1d megy\u00e9ben szolg\u00e1ltatunk mag\u00e1nszem\u00e9lyek \u00e9s \u00fczleti felhaszn\u00e1l\u00f3k r\u00e9sz\u00e9re k\u00e9beltelev\u00edzi\u00f3t internetet \u00e9s telefont. Orosh\u00e1zi m\u0171szaki k\u00f6zpontunkban nagy kapacit\u00e1s\u00fa szervereket \u00fczemeltet\u00fcnk webes, levelez\u00e9si \u00e9s adatb\u00e1zis-kezel\u00e9si c\u00e9lokra.<\/p>\n\n\n\n<div style=\"height:60px\" aria-hidden=\"true\" class=\"wp-block-spacer\"><\/div>\n\n\n\n<p>C\u00e9g\u00fcnk dinamikusan fejl\u0151dik \u00e9s szolg\u00e1ltat\u00e1saink egyre t\u00f6bb telep\u00fcl\u00e9sen el\u00e9rhet\u0151v\u00e9 v\u00e1lik.<\/p>\n\n\n\n<p>M\u00e1ra a d\u00e9l-alf\u00f6ldi r\u00e9gi\u00f3 nagykereskedelmi \u00e9s kiskereskedelmi h\u00edrk\u00f6zl\u00e9si piac\u00e1nak egyik vezet\u0151, kiemelten lakoss\u00e1gbar\u00e1t szolg\u00e1ltat\u00f3ja. Kiv\u00e1l\u00f3 min\u0151s\u00e9g\u0171 \u00e9s kedvez\u0151 \u00e1r\u00fa el\u00e9r\u00e9seink a nagyv\u00e1rosokban \u00e9s a legkisebb falvakban egyar\u00e1nt el\u00e9rhet\u0151ek. <\/p>\n\n\n\n<div style=\"height:51px\" aria-hidden=\"true\" class=\"wp-block-spacer\"><\/div>\n\n\n\n<p>C\u00e9gcsoportunk kiterjedt h\u00e1l\u00f3zatfejleszt\u00e9si tev\u00e9kenys\u00e9get v\u00e9gez saj\u00e1t \u00fcgyfelei illetve szak\u00e9rtelme r\u00e9v\u00e9n k\u00fcls\u0151 megb\u00edz\u00f3k r\u00e9sz\u00e9re is. Forduljon hozz\u00e1nk bizalommal, ha megb\u00edzhat\u00f3 partnert keres az \u00f6r\u00f6kk\u00e9 v\u00e1ltoz\u00f3 h\u00edrk\u00f6zl\u00e9si piacon!<\/p>\n\n\n\n<p><\/p>\n","protected":false},"excerpt":{"rendered":"<p>A Gyop\u00e1rosi K\u00e1beltelev\u00edzi\u00f3 Kft \u00e9s az Oros-Com Kft. m\u00e1r t\u00f6bb mint 10 \u00e9ves m\u00faltra tekint vissza a k\u00e1beltelev\u00edzi\u00f3 \u00e9s az internet szolg\u00e1ltat\u00e1sok szolg\u00e1ltat\u00e1sok ter\u00e9n. Partnerc\u00e9gei a MaximoNet H\u00edrk\u00f6zl\u00e9s Kft, a S\u00e1rr\u00e9ti H\u00edrk\u00f6zl\u00e9si Kft, a KitNet Kft. \u00e9s az Impulzus Kommunik\u00e1ci\u00f3 Kft. seg\u00edts\u00e9g\u00e9vel a k\u00e1beltelev\u00edzi\u00f3 mellett a legkorszer\u0171bb infrastrukt\u00far\u00e1n biztos\u00edtja a sz\u00e9less\u00e1v\u00fa internet szolg\u00e1ltat\u00e1sok ny\u00fajt\u00e1s\u00e1t. B\u00e9k\u00e9s [&hellip;]<\/p>\n","protected":false},"author":1,"featured_media":0,"parent":0,"menu_order":0,"comment_status":"closed","ping_status":"open","template":"","meta":{"footnotes":""},"class_list":["post-2","page","type-page","status-publish","hentry"],"_links":{"self":[{"href":"https:\/\/www.oroscom.hu\/index.php\/wp-json\/wp\/v2\/pages\/2","targetHints":{"allow":["GET"]}}],"collection":[{"href":"https:\/\/www.oroscom.hu\/index.php\/wp-json\/wp\/v2\/pages"}],"about":[{"href":"https:\/\/www.oroscom.hu\/index.php\/wp-json\/wp\/v2\/types\/page"}],"author":[{"embeddable":true,"href":"https:\/\/www.oroscom.hu\/index.php\/wp-json\/wp\/v2\/users\/1"}],"replies":[{"embeddable":true,"href":"https:\/\/www.oroscom.hu\/index.php\/wp-json\/wp\/v2\/comments?post=2"}],"version-history":[{"count":4,"href":"https:\/\/www.oroscom.hu\/index.php\/wp-json\/wp\/v2\/pages\/2\/revisions"}],"predecessor-version":[{"id":517,"href":"https:\/\/www.oroscom.hu\/index.php\/wp-json\/wp\/v2\/pages\/2\/revisions\/517"}],"wp:attachment":[{"href":"https:\/\/www.oroscom.hu\/index.php\/wp-json\/wp\/v2\/media?parent=2"}],"curies":[{"name":"wp","href":"https:\/\/api.w.org\/{rel}","templated":true}]}}